{"id":363,"date":"2025-12-20T18:05:43","date_gmt":"2025-12-20T18:05:43","guid":{"rendered":"https:\/\/chalets-nu.nl\/?post_type=product&#038;p=363"},"modified":"2025-12-21T16:54:29","modified_gmt":"2025-12-21T16:54:29","slug":"chalet-appartement-the-peak","status":"publish","type":"product","link":"https:\/\/chalets-nu.nl\/?product=chalet-appartement-the-peak","title":{"rendered":"Chalet-appartement The Peak"},"content":{"rendered":"<p>The Peak oftewel de top van je vakantiegeluk! De chalets en appartementen liggen aan de piste in S\u00f6lden en zijn een perfect startpunt om het \u00d6tztal skigebied te gaan verkennen. Via de rode piste (nr. 21) ski je naar de Gigijochbahn. Pak je liever de skibus? Dat kan ook, want die stopt voor de deur.<\/p>\n<p>De appartementen en chalets liggen op een helling waardoor je een prachtig panoramisch uitzicht hebt over de omliggende bergen. De inrichting is comfortabel en luxe. Sommige appartementen of chalets beschikken over een eigen infraroodsauna.<\/p>\n<p>Op ca. 150 meter van The Peak is een restaurant &#8216;Panorama Alm&#8217;. Bij dit piste restaurant kun je terecht voor een ontbijtbuffet (tegen betaling), een gezellige apr\u00e8s-ski of voor het avondeten (tegen betaling). Het restaurant is geopend tot 20:00 en de keuken sluit om 18:00.<\/p>\n<p>Het centrum van S\u00f6lden ligt op ca. 1,5 km afstand van The Peak. Hier gaat het al vanaf halverwege de middag gezellig los tijdens de apr\u00e8s-ski. Ook kun je in het dorp terecht voor je dagelijkse boodschappen of lekker uit eten in \u00e9\u00e9n van de restaurants.<\/p>\n<p>Er is een skiberging met skischoendroger, parkeerplaatsen en een laadpunt voor elektrische auto&#8217;s (tegen betaling).<\/p>\n<p>Nieuw! Voor het winterseizoen 2025-2026 wordt een nieuwe wellnessruimte geopend met verwarmd buitenzwembad, sauna, stoombad, buiten-whirlpool en ontspanningsruimtes.&gt;<\/p>\n","protected":false},"excerpt":{"rendered":"<p>The Peak oftewel de top van je vakantiegeluk! De chalets en appartementen liggen aan de piste in S\u00f6lden en zijn een perfect startpunt om het \u00d6tztal skigebied te gaan verkennen. Via de rode piste (nr. 21) ski je naar de Gigijochbahn. Pak je liever de skibus? Dat kan ook, want die stopt voor de deur. [&hellip;]<\/p>\n","protected":false},"featured_media":364,"comment_status":"open","ping_status":"closed","template":"","meta":{"_acf_changed":false},"product_brand":[],"product_cat":[16],"product_tag":[],"class_list":{"0":"post-363","1":"product","2":"type-product","3":"status-publish","4":"has-post-thumbnail","6":"product_cat-uncategorized","8":"first","9":"instock","10":"sale","11":"shipping-taxable","12":"purchasable","13":"product-type-simple"},"acf":[],"yoast_head":"<!-- This site is optimized with the Yoast SEO plugin v27.4 - https:\/\/yoast.com\/product\/yoast-seo-wordpress\/ -->\n<title>Chalet-appartement The Peak - chalet<\/title>\n<meta name=\"robots\" content=\"index, follow, max-snippet:-1, max-image-preview:large, max-video-preview:-1\" \/>\n<link rel=\"canonical\" href=\"https:\/\/chalets-nu.nl\/?product=chalet-appartement-the-peak\" \/>\n<meta property=\"og:locale\" content=\"en_US\" \/>\n<meta property=\"og:type\" content=\"article\" \/>\n<meta property=\"og:title\" content=\"Chalet-appartement The Peak - chalet\" \/>\n<meta property=\"og:description\" content=\"The Peak oftewel de top van je vakantiegeluk! De chalets en appartementen liggen aan de piste in S\u00f6lden en zijn een perfect startpunt om het \u00d6tztal skigebied te gaan verkennen. Via de rode piste (nr. 21) ski je naar de Gigijochbahn. Pak je liever de skibus? Dat kan ook, want die stopt voor de deur. [&hellip;]\" \/>\n<meta property=\"og:url\" content=\"https:\/\/chalets-nu.nl\/?product=chalet-appartement-the-peak\" \/>\n<meta property=\"og:site_name\" content=\"chalet\" \/>\n<meta property=\"article:modified_time\" content=\"2025-12-21T16:54:29+00:00\" \/>\n<meta property=\"og:image\" content=\"http:\/\/chalets-nu.nl\/wp-content\/uploads\/2025\/12\/1300x975-45e8789f-e09e-4629-a139-506e37851e66.jpg\" \/>\n\t<meta property=\"og:image:width\" content=\"1300\" \/>\n\t<meta property=\"og:image:height\" content=\"975\" \/>\n\t<meta property=\"og:image:type\" content=\"image\/jpeg\" \/>\n<meta name=\"twitter:card\" content=\"summary_large_image\" \/>\n<meta name=\"twitter:label1\" content=\"Est. reading time\" \/>\n\t<meta name=\"twitter:data1\" content=\"2 minutes\" \/>\n<script type=\"application\/ld+json\" class=\"yoast-schema-graph\">{\"@context\":\"https:\\\/\\\/schema.org\",\"@graph\":[{\"@type\":\"WebPage\",\"@id\":\"https:\\\/\\\/chalets-nu.nl\\\/?product=chalet-appartement-the-peak\",\"url\":\"https:\\\/\\\/chalets-nu.nl\\\/?product=chalet-appartement-the-peak\",\"name\":\"Chalet-appartement The Peak - chalet\",\"isPartOf\":{\"@id\":\"https:\\\/\\\/chalets-nu.nl\\\/#website\"},\"primaryImageOfPage\":{\"@id\":\"https:\\\/\\\/chalets-nu.nl\\\/?product=chalet-appartement-the-peak#primaryimage\"},\"image\":{\"@id\":\"https:\\\/\\\/chalets-nu.nl\\\/?product=chalet-appartement-the-peak#primaryimage\"},\"thumbnailUrl\":\"https:\\\/\\\/chalets-nu.nl\\\/wp-content\\\/uploads\\\/2025\\\/12\\\/1300x975-45e8789f-e09e-4629-a139-506e37851e66.jpg\",\"datePublished\":\"2025-12-20T18:05:43+00:00\",\"dateModified\":\"2025-12-21T16:54:29+00:00\",\"breadcrumb\":{\"@id\":\"https:\\\/\\\/chalets-nu.nl\\\/?product=chalet-appartement-the-peak#breadcrumb\"},\"inLanguage\":\"en-US\",\"potentialAction\":[{\"@type\":\"ReadAction\",\"target\":[\"https:\\\/\\\/chalets-nu.nl\\\/?product=chalet-appartement-the-peak\"]}]},{\"@type\":\"ImageObject\",\"inLanguage\":\"en-US\",\"@id\":\"https:\\\/\\\/chalets-nu.nl\\\/?product=chalet-appartement-the-peak#primaryimage\",\"url\":\"https:\\\/\\\/chalets-nu.nl\\\/wp-content\\\/uploads\\\/2025\\\/12\\\/1300x975-45e8789f-e09e-4629-a139-506e37851e66.jpg\",\"contentUrl\":\"https:\\\/\\\/chalets-nu.nl\\\/wp-content\\\/uploads\\\/2025\\\/12\\\/1300x975-45e8789f-e09e-4629-a139-506e37851e66.jpg\",\"width\":1300,\"height\":975},{\"@type\":\"BreadcrumbList\",\"@id\":\"https:\\\/\\\/chalets-nu.nl\\\/?product=chalet-appartement-the-peak#breadcrumb\",\"itemListElement\":[{\"@type\":\"ListItem\",\"position\":1,\"name\":\"Home\",\"item\":\"https:\\\/\\\/chalets-nu.nl\\\/\"},{\"@type\":\"ListItem\",\"position\":2,\"name\":\"Shop\",\"item\":\"https:\\\/\\\/chalets-nu.nl\\\/?page_id=12\"},{\"@type\":\"ListItem\",\"position\":3,\"name\":\"Chalet-appartement The Peak\"}]},{\"@type\":\"WebSite\",\"@id\":\"https:\\\/\\\/chalets-nu.nl\\\/#website\",\"url\":\"https:\\\/\\\/chalets-nu.nl\\\/\",\"name\":\"chalet\",\"description\":\"\",\"potentialAction\":[{\"@type\":\"SearchAction\",\"target\":{\"@type\":\"EntryPoint\",\"urlTemplate\":\"https:\\\/\\\/chalets-nu.nl\\\/?s={search_term_string}\"},\"query-input\":{\"@type\":\"PropertyValueSpecification\",\"valueRequired\":true,\"valueName\":\"search_term_string\"}}],\"inLanguage\":\"en-US\"}]}<\/script>\n<!-- \/ Yoast SEO plugin. -->","yoast_head_json":{"title":"Chalet-appartement The Peak - chalet","robots":{"index":"index","follow":"follow","max-snippet":"max-snippet:-1","max-image-preview":"max-image-preview:large","max-video-preview":"max-video-preview:-1"},"canonical":"https:\/\/chalets-nu.nl\/?product=chalet-appartement-the-peak","og_locale":"en_US","og_type":"article","og_title":"Chalet-appartement The Peak - chalet","og_description":"The Peak oftewel de top van je vakantiegeluk! De chalets en appartementen liggen aan de piste in S\u00f6lden en zijn een perfect startpunt om het \u00d6tztal skigebied te gaan verkennen. Via de rode piste (nr. 21) ski je naar de Gigijochbahn. Pak je liever de skibus? Dat kan ook, want die stopt voor de deur. [&hellip;]","og_url":"https:\/\/chalets-nu.nl\/?product=chalet-appartement-the-peak","og_site_name":"chalet","article_modified_time":"2025-12-21T16:54:29+00:00","og_image":[{"width":1300,"height":975,"url":"http:\/\/chalets-nu.nl\/wp-content\/uploads\/2025\/12\/1300x975-45e8789f-e09e-4629-a139-506e37851e66.jpg","type":"image\/jpeg"}],"twitter_card":"summary_large_image","twitter_misc":{"Est. reading time":"2 minutes"},"schema":{"@context":"https:\/\/schema.org","@graph":[{"@type":"WebPage","@id":"https:\/\/chalets-nu.nl\/?product=chalet-appartement-the-peak","url":"https:\/\/chalets-nu.nl\/?product=chalet-appartement-the-peak","name":"Chalet-appartement The Peak - chalet","isPartOf":{"@id":"https:\/\/chalets-nu.nl\/#website"},"primaryImageOfPage":{"@id":"https:\/\/chalets-nu.nl\/?product=chalet-appartement-the-peak#primaryimage"},"image":{"@id":"https:\/\/chalets-nu.nl\/?product=chalet-appartement-the-peak#primaryimage"},"thumbnailUrl":"https:\/\/chalets-nu.nl\/wp-content\/uploads\/2025\/12\/1300x975-45e8789f-e09e-4629-a139-506e37851e66.jpg","datePublished":"2025-12-20T18:05:43+00:00","dateModified":"2025-12-21T16:54:29+00:00","breadcrumb":{"@id":"https:\/\/chalets-nu.nl\/?product=chalet-appartement-the-peak#breadcrumb"},"inLanguage":"en-US","potentialAction":[{"@type":"ReadAction","target":["https:\/\/chalets-nu.nl\/?product=chalet-appartement-the-peak"]}]},{"@type":"ImageObject","inLanguage":"en-US","@id":"https:\/\/chalets-nu.nl\/?product=chalet-appartement-the-peak#primaryimage","url":"https:\/\/chalets-nu.nl\/wp-content\/uploads\/2025\/12\/1300x975-45e8789f-e09e-4629-a139-506e37851e66.jpg","contentUrl":"https:\/\/chalets-nu.nl\/wp-content\/uploads\/2025\/12\/1300x975-45e8789f-e09e-4629-a139-506e37851e66.jpg","width":1300,"height":975},{"@type":"BreadcrumbList","@id":"https:\/\/chalets-nu.nl\/?product=chalet-appartement-the-peak#breadcrumb","itemListElement":[{"@type":"ListItem","position":1,"name":"Home","item":"https:\/\/chalets-nu.nl\/"},{"@type":"ListItem","position":2,"name":"Shop","item":"https:\/\/chalets-nu.nl\/?page_id=12"},{"@type":"ListItem","position":3,"name":"Chalet-appartement The Peak"}]},{"@type":"WebSite","@id":"https:\/\/chalets-nu.nl\/#website","url":"https:\/\/chalets-nu.nl\/","name":"chalet","description":"","potentialAction":[{"@type":"SearchAction","target":{"@type":"EntryPoint","urlTemplate":"https:\/\/chalets-nu.nl\/?s={search_term_string}"},"query-input":{"@type":"PropertyValueSpecification","valueRequired":true,"valueName":"search_term_string"}}],"inLanguage":"en-US"}]}},"_links":{"self":[{"href":"https:\/\/chalets-nu.nl\/index.php?rest_route=\/wp\/v2\/product\/363","targetHints":{"allow":["GET"]}}],"collection":[{"href":"https:\/\/chalets-nu.nl\/index.php?rest_route=\/wp\/v2\/product"}],"about":[{"href":"https:\/\/chalets-nu.nl\/index.php?rest_route=\/wp\/v2\/types\/product"}],"replies":[{"embeddable":true,"href":"https:\/\/chalets-nu.nl\/index.php?rest_route=%2Fwp%2Fv2%2Fcomments&post=363"}],"wp:featuredmedia":[{"embeddable":true,"href":"https:\/\/chalets-nu.nl\/index.php?rest_route=\/wp\/v2\/media\/364"}],"wp:attachment":[{"href":"https:\/\/chalets-nu.nl\/index.php?rest_route=%2Fwp%2Fv2%2Fmedia&parent=363"}],"wp:term":[{"taxonomy":"product_brand","embeddable":true,"href":"https:\/\/chalets-nu.nl\/index.php?rest_route=%2Fwp%2Fv2%2Fproduct_brand&post=363"},{"taxonomy":"product_cat","embeddable":true,"href":"https:\/\/chalets-nu.nl\/index.php?rest_route=%2Fwp%2Fv2%2Fproduct_cat&post=363"},{"taxonomy":"product_tag","embeddable":true,"href":"https:\/\/chalets-nu.nl\/index.php?rest_route=%2Fwp%2Fv2%2Fproduct_tag&post=363"}],"curies":[{"name":"wp","href":"https:\/\/api.w.org\/{rel}","templated":true}]}}